{"id":774,"date":"2016-02-10T11:39:32","date_gmt":"2016-02-10T10:39:32","guid":{"rendered":"https:\/\/fribourg-centre.com\/de\/shopping\/enseignes\/"},"modified":"2021-04-05T15:05:12","modified_gmt":"2021-04-05T14:05:12","slug":"geschaefte","status":"publish","type":"page","link":"https:\/\/fribourg-centre.com\/de\/shopping\/geschaefte\/","title":{"rendered":"Gesch\u00e4fte"},"content":{"rendered":"<div class=\"region region-content\">\n<div id=\"block-system-main\" class=\"block block-system\">\n<div class=\"block-inner clearfix\">\n<div class=\"block__content\">\n<article id=\"article-7394\" class=\"article article-type-page article--full clearfix\">\n<div class=\"article__content\">\n<div class=\"field field-name-body field-type-text-with-summary field-label-hidden\">\n<div class=\"field-items\">\n<div class=\"field-item even first last\">\n<p>Fribourg Centre ist eines der gr\u00f6\u00dften Innenstadt Einkaufszentren der Schweiz und vereint mehr als 50 Gesch\u00e4fte.<\/p>\n<\/div>\n<\/div>\n<\/div>\n<\/div>\n<\/article>\n<\/div>\n<\/div>\n<\/div>\n<\/div>\n","protected":false},"excerpt":{"rendered":"<p>Fribourg Centre ist eines der gr\u00f6\u00dften Innenstadt Einkaufszentren der Schweiz und vereint mehr als 50 Gesch\u00e4fte.<\/p>\n","protected":false},"author":1,"featured_media":0,"parent":772,"menu_order":0,"comment_status":"closed","ping_status":"closed","template":"templates\/template-enseignes.php","meta":{"inline_featured_image":false},"_links":{"self":[{"href":"https:\/\/fribourg-centre.com\/de\/wp-json\/wp\/v2\/pages\/774\/"}],"collection":[{"href":"https:\/\/fribourg-centre.com\/de\/wp-json\/wp\/v2\/pages\/"}],"about":[{"href":"https:\/\/fribourg-centre.com\/de\/wp-json\/wp\/v2\/types\/page\/"}],"author":[{"embeddable":true,"href":"https:\/\/fribourg-centre.com\/de\/wp-json\/wp\/v2\/users\/1\/"}],"replies":[{"embeddable":true,"href":"https:\/\/fribourg-centre.com\/de\/wp-json\/wp\/v2\/comments\/?post=774"}],"version-history":[{"count":2,"href":"https:\/\/fribourg-centre.com\/de\/wp-json\/wp\/v2\/pages\/774\/revisions\/"}],"predecessor-version":[{"id":15285,"href":"https:\/\/fribourg-centre.com\/de\/wp-json\/wp\/v2\/pages\/774\/revisions\/15285\/"}],"up":[{"embeddable":true,"href":"https:\/\/fribourg-centre.com\/de\/wp-json\/wp\/v2\/pages\/772\/"}],"wp:attachment":[{"href":"https:\/\/fribourg-centre.com\/de\/wp-json\/wp\/v2\/media\/?parent=774"}],"curies":[{"name":"wp","href":"https:\/\/api.w.org\/{rel}","templated":true}]}}