{"id":745,"date":"2016-02-10T11:38:02","date_gmt":"2016-02-10T10:38:02","guid":{"rendered":"https:\/\/fribourg-centre.com\/de\/fribourg-centre\/acces\/"},"modified":"2024-04-23T09:35:16","modified_gmt":"2024-04-23T07:35:16","slug":"anfahrt","status":"publish","type":"page","link":"https:\/\/fribourg-centre.com\/de\/fribourg-centre\/anfahrt\/","title":{"rendered":"Anfahrt"},"content":{"rendered":"<p><strong>Adresse<br \/>\n<\/strong>Avenue de la Gare 10<br \/>\nCH-1700 Fribourg \u2013 Suisse<\/p>\n<p>&nbsp;<\/p>\n<p class=\"p1\"><strong>Mit den \u00f6ffentlichen Verkehrsmitteln&nbsp;<\/strong><br \/>\nSBB Z\u00fcge und TPF Busse, 1 Minute zu Fuss, gegen\u00fcber dem Bahnhof<br \/>\nSiehe <a href=\"http:\/\/www.tpf.ch\/de.html\" target=\"_blank\" rel=\"noopener\">TPF<\/a> und <a href=\"http:\/\/fahrplan.sbb.ch\/bin\/query.exe\/dn\" target=\"_blank\" rel=\"noopener\">SBB<\/a>&nbsp;Fahrplan<\/p>\n<p>&nbsp;<\/p>\n<p><strong>Mit dem Auto&nbsp;<\/strong><br \/>\nStadtzentrum, Richtung Grand-Places, Eingang Parkhaus von Fribourg Centre<\/p>\n<p>120 Parkpl\u00e4tze<\/p>\n<p>&nbsp;<\/p>\n<p class=\"p1\"><strong>Parkhaus Info<\/strong><\/p>\n<p>H\u00f6he des Parkings: 2.2m<br \/>\n7\/7 \u2013 24H\/24H<\/p>\n<table>\n<tbody>\n<tr>\n<td>&nbsp;<\/td>\n<td>1\u00e8re heure<\/td>\n<td>2\u00e8me heure<\/td>\n<td>d\u00e8s la 3\u00e8me heure<\/td>\n<\/tr>\n<tr>\n<td valign=\"top\">Tarif normal<br \/>\nd\u00e8s 8h00<\/td>\n<td valign=\"top\">1.50 CHF<\/td>\n<td valign=\"top\">1.50 CHF<\/td>\n<td valign=\"top\">1 CHF par tranche<br \/>\nde 10 min entam\u00e9es<\/td>\n<\/tr>\n<tr>\n<td valign=\"top\">Tarif r\u00e9duit<br \/>\nLundi \u00e0 jeudi d\u00e8s 19.30<br \/>\nVendredi d\u00e8s 21.30<br \/>\nSamedi d\u00e8s 16h30<br \/>\nDimanches et jours f\u00e9ri\u00e9s<\/td>\n<td valign=\"top\">1.50 CHF<\/td>\n<td valign=\"top\">1.50 CHF<\/td>\n<td valign=\"top\">0.50 CHF par tranche<br \/>\nde 10 min entam\u00e9es<\/td>\n<\/tr>\n<\/tbody>\n<\/table>\n","protected":false},"excerpt":{"rendered":"<p>Adresse Avenue de la Gare 10 CH-1700 Fribourg \u2013 Suisse &nbsp; Mit den \u00f6ffentlichen Verkehrsmitteln&nbsp; SBB Z\u00fcge und TPF Busse, 1 Minute zu Fuss, gegen\u00fcber dem Bahnhof Siehe TPF und SBB&nbsp;Fahrplan &nbsp; Mit dem Auto&nbsp; Stadtzentrum, Richtung Grand-Places, Eingang Parkhaus von Fribourg Centre 120 Parkpl\u00e4tze &nbsp; Parkhaus Info H\u00f6he des Parkings: 2.2m 7\/7 \u2013 24H\/24H [&hellip;]<\/p>\n","protected":false},"author":1,"featured_media":0,"parent":742,"menu_order":0,"comment_status":"closed","ping_status":"closed","template":"","meta":{"inline_featured_image":false},"_links":{"self":[{"href":"https:\/\/fribourg-centre.com\/de\/wp-json\/wp\/v2\/pages\/745\/"}],"collection":[{"href":"https:\/\/fribourg-centre.com\/de\/wp-json\/wp\/v2\/pages\/"}],"about":[{"href":"https:\/\/fribourg-centre.com\/de\/wp-json\/wp\/v2\/types\/page\/"}],"author":[{"embeddable":true,"href":"https:\/\/fribourg-centre.com\/de\/wp-json\/wp\/v2\/users\/1\/"}],"replies":[{"embeddable":true,"href":"https:\/\/fribourg-centre.com\/de\/wp-json\/wp\/v2\/comments\/?post=745"}],"version-history":[{"count":11,"href":"https:\/\/fribourg-centre.com\/de\/wp-json\/wp\/v2\/pages\/745\/revisions\/"}],"predecessor-version":[{"id":25225,"href":"https:\/\/fribourg-centre.com\/de\/wp-json\/wp\/v2\/pages\/745\/revisions\/25225\/"}],"up":[{"embeddable":true,"href":"https:\/\/fribourg-centre.com\/de\/wp-json\/wp\/v2\/pages\/742\/"}],"wp:attachment":[{"href":"https:\/\/fribourg-centre.com\/de\/wp-json\/wp\/v2\/media\/?parent=745"}],"curies":[{"name":"wp","href":"https:\/\/api.w.org\/{rel}","templated":true}]}}