{"id":742,"date":"2016-02-10T11:37:16","date_gmt":"2016-02-10T10:37:16","guid":{"rendered":"https:\/\/fribourg-centre.com\/de\/le-centre\/"},"modified":"2025-06-05T15:51:45","modified_gmt":"2025-06-05T13:51:45","slug":"fribourg-centre","status":"publish","type":"page","link":"https:\/\/fribourg-centre.com\/de\/fribourg-centre\/","title":{"rendered":"Fribourg Centre"},"content":{"rendered":"<h2><strong>CHRONIK<\/strong><\/h2>\n<p>Das Einkaufszentrum Fribourg Centre, das nach den Pl\u00e4nen des Architektur-Ateliers Serges Charri\u00e8re S.A. erbaut wurde, feierte am 23. Oktober 2003 seine Er\u00f6ffnung. Mit der Innendekoration wurde das Londoner Architekturb\u00fcro Chapman &amp; Taylor betraut, das auf die Ausstattung von Einkaufszentren spezialisiert ist. Besitzerin des Geb\u00e4udekomplexes, der vom Berner Generalunternehmen MARAZZI AG gebaut wurde, ist die Personalvorsorge des Kantons Z\u00fcrich (BVK). Nach einigen langen und anstrengenden Jahren ist Fribourg Centre heute ein \u00fcberzeugendes Beispiel f\u00fcr eine gelungene st\u00e4dtebauliche Neugestaltung, die die Attraktivit\u00e4t des Stadtzentrums sp\u00fcrbar gesteigert hat.<\/p>\n<h2><strong>SITUATION<\/strong><\/h2>\n<p>Fribourg Centre profitiert von einer hervorragenden Standortqualit\u00e4t, steht es doch mitten im symboltr\u00e4chtigen Dreieck, das der SBB-Bahnhof, die Kantonalbank und das Theater \u201eEquilibre\u201c formen. Fribourg Centre ist per Zug und Bus bestens erreichbar, denn es liegt gleich gegen\u00fcber dem SBB-Bahnhof, wo auch die wichtigsten Buslinien des Freiburger Netzes zusammenkommen. Mit dem Auto ist das Einkaufszentrum ebenfalls in weniger als f\u00fcnf Minuten von der Autobahnausfahrt Fribourg Nord her erreichbar und auch an das \u00fcbrige regionale Strassennetz ist es bestens angeschlossen. Zusammen mit La Galerie ist Fribourg Centre nicht nur der wichtigste Einkaufstreffpunkt des Stadtzentrums: Fribourg Centre liegt nahe beim historischen Zentrum der Stadt mit seinen Denkm\u00e4lern und den gotischen Bauten, die allesamt \u00fcberragt werden von der Turmspitze der Kathedrale St. Nikolaus.<\/p>\n<p>Die Nahrungsmittelindustrie und die Investitionsg\u00fcterindustrie sind die zwei bedeutsamsten Wirtschaftszweige des Kantons Freiburg \u2013 auch wenn der Kanton einige grosse Zulieferer f\u00fcr den nationalen Detailhandel beherbergt. Die Investitionsg\u00fcterindustrie ist mit ihren weltweit t\u00e4tigen Unternehmen aus der Spitzentechnologie \u2013 wie Liebherr, Wago Contact oder Comet \u2013 und ihren flexiblen und wettbewerbsf\u00e4higen KMU sehr gut positioniert und dient so als Motor f\u00fcr die Wirtschaft des Kantons.<\/p>\n<h2><strong>BESCHREIBUNG FRIBOURG CENTRE<\/strong><\/h2>\n<p>Als multifunktionaler Geb\u00e4udekomplex bietet Fribourg Centre 20\u2019000m2 Ladenfl\u00e4che verteilt auf vier Stockwerke, 4\u2019300m2 B\u00fcrofl\u00e4che, 38 Wohnungen und ein Parking auf zwei Stockwerken mit 240 Parkpl\u00e4tzen, von denen 120 Privatparkpl\u00e4tze sind.<\/p>\n<h2><strong>DIE VORTEILE<\/strong><\/h2>\n<p>Fribourg Centre ist schweizweit eines der gr\u00f6ssten Einkaufszentren in einem Stadtzentrum. Seine weiten, vom Tageslicht durchfluteten Arkaden ziehen jedes Jahr mehrere Millionen Besucherinnen und Besucher an. Als Mittelpunkt einer zweisprachigen Agglomeration mit ungef\u00e4hr 85\u2019000 Einwohnerinnen und Einwohnern ist Freiburg eine alte und zugleich sehr junge Stadt: jung, da zu ihren Einwohnern rund 10\u2019000 Studentinnen und Studenten geh\u00f6ren und alt, da sie ein aussergew\u00f6hnliches mittelalterliches Erbe und zahlreiche Traditionen besitzt, die sie voller Stolz pflegt. Freiburg ist eine kleine, sehr lebhafte Stadt mit einem ganz unvergleichlichen Charme \u2013 und der Kanton Freiburg ein idealer Standort f\u00fcr ein Einkaufszentrum.<\/p>\n","protected":false},"excerpt":{"rendered":"<p>CHRONIK Das Einkaufszentrum Fribourg Centre, das nach den Pl\u00e4nen des Architektur-Ateliers Serges Charri\u00e8re S.A. erbaut wurde, feierte am 23. Oktober 2003 seine Er\u00f6ffnung. Mit der Innendekoration wurde das Londoner Architekturb\u00fcro Chapman &amp; Taylor betraut, das auf die Ausstattung von Einkaufszentren spezialisiert ist. Besitzerin des Geb\u00e4udekomplexes, der vom Berner Generalunternehmen MARAZZI AG gebaut wurde, ist die [&hellip;]<\/p>\n","protected":false},"author":1,"featured_media":0,"parent":0,"menu_order":0,"comment_status":"closed","ping_status":"closed","template":"","meta":{"inline_featured_image":false},"_links":{"self":[{"href":"https:\/\/fribourg-centre.com\/de\/wp-json\/wp\/v2\/pages\/742\/"}],"collection":[{"href":"https:\/\/fribourg-centre.com\/de\/wp-json\/wp\/v2\/pages\/"}],"about":[{"href":"https:\/\/fribourg-centre.com\/de\/wp-json\/wp\/v2\/types\/page\/"}],"author":[{"embeddable":true,"href":"https:\/\/fribourg-centre.com\/de\/wp-json\/wp\/v2\/users\/1\/"}],"replies":[{"embeddable":true,"href":"https:\/\/fribourg-centre.com\/de\/wp-json\/wp\/v2\/comments\/?post=742"}],"version-history":[{"count":2,"href":"https:\/\/fribourg-centre.com\/de\/wp-json\/wp\/v2\/pages\/742\/revisions\/"}],"predecessor-version":[{"id":28460,"href":"https:\/\/fribourg-centre.com\/de\/wp-json\/wp\/v2\/pages\/742\/revisions\/28460\/"}],"wp:attachment":[{"href":"https:\/\/fribourg-centre.com\/de\/wp-json\/wp\/v2\/media\/?parent=742"}],"curies":[{"name":"wp","href":"https:\/\/api.w.org\/{rel}","templated":true}]}}