{"id":731,"date":"2016-03-07T16:33:04","date_gmt":"2016-03-07T15:33:04","guid":{"rendered":"https:\/\/fribourg-centre.com\/de\/?page_id=731"},"modified":"2021-04-05T14:16:24","modified_gmt":"2021-04-05T13:16:24","slug":"services","status":"publish","type":"page","link":"https:\/\/fribourg-centre.com\/de\/fribourg-centre\/services\/","title":{"rendered":"Dienstleistungen"},"content":{"rendered":"<p>Willkommen im Fribourg Centre und in der Galerie!<\/p>\n<p>Hier finden sie alle n\u00fctzlichen Ausk\u00fcnfte und praktischen Informationen rund um Fribourg Centre.<\/p>\n<p>Wir freuen uns auf Ihren Besuch!<\/p>\n<div id=\"services-centre\"><ul class=\"tabs row small-up-4 large-up-7\" data-tabs><li class=\"tabs-title column service is-active\" aria-selected=\"true\"><div class=\"service-image\"><a href=\"#panel0\"><img src=\"https:\/\/fribourg-centre.com\/wp-content\/uploads\/2016\/03\/toilettes_white.png\" width=\"45px\"\/><\/a><\/div><\/li><li class=\"tabs-title column service\"><div class=\"service-image\"><a href=\"#panel1\"><img src=\"https:\/\/fribourg-centre.com\/wp-content\/uploads\/2016\/03\/handicap_white.png\" width=\"45px\"\/><\/a><\/div><\/li><li class=\"tabs-title column service\"><div class=\"service-image\"><a href=\"#panel2\"><img src=\"https:\/\/fribourg-centre.com\/wp-content\/uploads\/2016\/03\/bancomat_white.png\" width=\"45px\"\/><\/a><\/div><\/li><li class=\"tabs-title column service\"><div class=\"service-image\"><a href=\"#panel3\"><img src=\"https:\/\/fribourg-centre.com\/wp-content\/uploads\/2016\/03\/recycling_white.png\" width=\"45px\"\/><\/a><\/div><\/li><li class=\"tabs-title column service\"><div class=\"service-image\"><a href=\"#panel4\"><img src=\"https:\/\/fribourg-centre.com\/wp-content\/uploads\/2016\/03\/billeterie_white.png\" width=\"45px\"\/><\/a><\/div><\/li><li class=\"tabs-title column service\"><div class=\"service-image\"><a href=\"#panel5\"><img src=\"https:\/\/fribourg-centre.com\/wp-content\/uploads\/2016\/03\/photomaton_white.png\" width=\"45px\"\/><\/a><\/div><\/li><li class=\"tabs-title column service\"><div class=\"service-image\"><a href=\"#panel6\"><img src=\"https:\/\/fribourg-centre.com\/wp-content\/uploads\/2016\/03\/servicephoto_white.png\" width=\"45px\"\/><\/a><\/div><\/li><li class=\"tabs-title column service\"><div class=\"service-image\"><a href=\"#panel7\"><img src=\"https:\/\/fribourg-centre.com\/wp-content\/uploads\/2016\/03\/kids_white.png\" width=\"45px\"\/><\/a><\/div><\/li><li class=\"tabs-title column service\"><div class=\"service-image\"><a href=\"#panel8\"><img src=\"https:\/\/fribourg-centre.com\/wp-content\/uploads\/2016\/03\/photocopieur_white.png\" width=\"45px\"\/><\/a><\/div><\/li><li class=\"tabs-title column service\"><div class=\"service-image\"><a href=\"#panel9\"><img src=\"https:\/\/fribourg-centre.com\/wp-content\/uploads\/2016\/03\/presing_white.png\" width=\"45px\"\/><\/a><\/div><\/li><li class=\"tabs-title column service\"><div class=\"service-image\"><a href=\"#panel10\"><img src=\"https:\/\/fribourg-centre.com\/wp-content\/uploads\/2016\/03\/wifi_white.png\" width=\"45px\"\/><\/a><\/div><\/li><li class=\"tabs-title column service\"><div class=\"service-image\"><a href=\"#panel11\"><img src=\"https:\/\/fribourg-centre.com\/wp-content\/uploads\/2016\/03\/informations_white.png\" width=\"45px\"\/><\/a><\/div><\/li><li class=\"tabs-title column service\"><div class=\"service-image\"><a href=\"#panel12\"><img src=\"https:\/\/fribourg-centre.com\/wp-content\/uploads\/2016\/03\/cabamobil_white.png\" width=\"45px\"\/><\/a><\/div><\/li><li class=\"tabs-title column service\"><div class=\"service-image\"><a href=\"#panel13\"><img src=\"https:\/\/fribourg-centre.com\/wp-content\/uploads\/2016\/03\/parking_white.png\" width=\"45px\"\/><\/a><\/div><\/li><\/ul><div class=\"tabs-content\" data-tabs-content=\"services-centre\"><div class=\"tabs-panel is-active\" id=\"panel0\"><h4>Toilettes<\/h4><p>Des toilettes sont \u00e0 votre disposition au niveau 2, au niveau -1 (parking) ainsi que dans La Galerie \u00e0 c\u00f4t\u00e9 de K.Kiosk.<\/p>\n<p>Les toilettes pour personnes handicap\u00e9es se situent au niveau -1 (parking)\u00a0et sont accessibles avec une cl\u00e9 &#8220;Eurokey&#8221;. En cas de besoin ou si vous n&#8217;avez pas d'&#8221;Eurokey&#8221;, merci de vous adresser au Point Info au 026 309 21 34, une personne viendra vous donner acc\u00e8s aux toilettes.<\/p>\n<p>La cl\u00e9 &#8220;Eurokey&#8221; peut \u00eatre command\u00e9e sur leur site internet:\u00a0<u><a href=\"https:\/\/www.eurokey.ch\/fr.html\">www.eurokey.ch<\/a><\/u><\/p>\n<\/div><div class=\"tabs-panel\" id=\"panel1\"><h4>Services aux personnes en situation de handicap<\/h4><p>Deux places de parc sp\u00e9cifiques sont \u00e0 votre disposition \u00e0 l&#8217;entr\u00e9e du parking Fribourg Centre.<\/p>\n<p>Tous les commerces sont accessible par ascenseur.<\/p>\n<p>Les toilettes pour personnes handicap\u00e9es se situent au niveau -1 (parking) et sont accessibles avec une cl\u00e9 &#8220;Eurokey&#8221;. En cas de besoin ou si vous n&#8217;avez pas d'&#8221;Eurokey&#8221;, merci de vous adresser au Point Info au 026 309 21 34, une personne viendra vous donner acc\u00e8s aux toilettes.<\/p>\n<p>La cl\u00e9 &#8220;Eurokey&#8221; peut \u00eatre command\u00e9e sur leur site internet:\u00a0<u><a href=\"https:\/\/www.eurokey.ch\/fr.html\">www.eurokey.ch<\/a><\/u><\/p>\n<\/div><div class=\"tabs-panel\" id=\"panel2\"><h4>Bancomat \/ Postomat<\/h4><p>Un bancomat Cr\u00e9dit Suisse est \u00e0 votre disposition au niveau 1, \u00e0 c\u00f4t\u00e9 de Fnac.<\/p>\n<p>Un postomat est \u00e0 votre disposition dans La Galerie, \u00e0 l&#8217;entr\u00e9e d&#8217;Arena Cin\u00e9mas.<\/p>\n<\/div><div class=\"tabs-panel\" id=\"panel3\"><h4>Recyclage<\/h4><p>Le retour des piles et des cartouches d&#8217;encre se fait au service client\u00e8le de Fnac.<\/p>\n<p>Retours Fnac: Fnac r\u00e9cup\u00e8re vos ancien appareils High-tech. Plus d&#8217;informations au service client\u00e8le.<\/p>\n<p>OKAZ Gaming: Fnac r\u00e9cup\u00e8re vos anciens jeux vid\u00e9os. Adressez-vous au rayon vid\u00e9o de votre Fnac.<\/p>\n<p>Le recyclage se fait au niveau 1, dans la Coop. Retour bouteilles PET, bouteilles de lait en PET Blanc, capsules Nespresso, filtres \u00e0 eau Brita.<\/p>\n<\/div><div class=\"tabs-panel\" id=\"panel4\"><h4>Billetterie<\/h4><p>Ticketcorner, Starticket et Ticketportal: La caisse se trouve au service clients Coop. niveau 2.<\/p>\n<p>Billetterie Fnac: La caisse se trouve \u00e0 l&#8217;entr\u00e9e de la Fnac, au niveau 1.<\/p>\n<\/div><div class=\"tabs-panel\" id=\"panel5\"><h4>Photomaton<\/h4><p>Un photomaton pour les photos-portraits se trouve au niveau 2.<\/p>\n<p>&nbsp;<\/p>\n<\/div><div class=\"tabs-panel\" id=\"panel6\"><h4>Service photo<\/h4><p>Une imprimante pour vos photos est mise \u00e0 disposition par Fnac au niveau 1<\/p>\n<p>www.photofnac.ch<\/p>\n<p>Services propos\u00e9s: Livre-photo CEWE, cartes de voeux, calendriers, posters, cadeaux-photos, &#8230;<\/p>\n<\/div><div class=\"tabs-panel\" id=\"panel7\"><h4>Enfants<\/h4><p>Coin enfant au Restaurant Coop, niveau 4. Les enfants sont sous la responsabilit\u00e9 de leurs parents.<\/p>\n<p>Ateliers Fnac Kids.<\/p>\n<p>Atelier Fnac Kids.<br \/>\nD\u00e9veloppement, jeux, high-tech, &#8230; Pour les enfants de 4 \u00e0 11 ans, chaque semaine dans le coin enfants Fnac.<br \/>\n<a href=\"http:\/\/www.fnac.ch\/kids\" target=\"_blank\" rel=\"noopener noreferrer\">www.fnac.ch\/kids<\/a><\/p>\n<\/div><div class=\"tabs-panel\" id=\"panel8\"><h4>Service de copies<\/h4><p>Une photocopieuse est \u00e0 disposition au service client\u00e8le Coop, niveau 3.<\/p>\n<p>Un service de copies A4 est \u00e9galement disponible au Point Information, niveau 3.<\/p>\n<\/div><div class=\"tabs-panel\" id=\"panel9\"><h4>Pressing<\/h4><p>Un service de pressing \u00e0 Sec est disponible au service clients de Coop, niveau 2.<\/p>\n<p>L&#8217;enseigne 1H Clean, situ\u00e9e dans La Galerie, propose \u00e9galement une vari\u00e9t\u00e9 de services de nettoyages.<\/p>\n<\/div><div class=\"tabs-panel\" id=\"panel10\"><h4>WIFI <\/h4><p>WIFI disponible au Restaurant Coop, niveau 4 (gratuit durant 4h).<\/p>\n<\/div><div class=\"tabs-panel\" id=\"panel11\"><h4>Point Info<\/h4><p>Le Point Info se situe au niveau 3 \u00e0 c\u00f4t\u00e9 des escalators, et est ouvert comme suit:<\/p>\n<p>Lundi, mardi, mercredi, jeudi: 9h30 &#8211; 19h<\/p>\n<p>Vendredi: 9h30 &#8211; 20h<\/p>\n<p>Samedi: 8h &#8211; 16h<\/p>\n<p>Le personnel du Point Info se fera un plaisir de vous renseigner sur la carte cadeau valable dans tous les commerces du centre, les objets perdus ainsi que pour vos photocopies au format A4.<\/p>\n<\/div><div class=\"tabs-panel\" id=\"panel12\"><h4>Cabamobil<\/h4><p>Livraison\u00a0 \u00e0 domicile gratuite.<\/p>\n<p>Le service CABAMOBIL est disponible au Point Info, niveau 3. Faites vos courses tranquillement dans le Centre et amenez-les \u00e0 notre guichet (maximum 3 sacs ou 3 packs de boissons, limite de poids 30kg, pas de surgel\u00e9s) et nous vous livrerons gratuitement, au moyen de v\u00e9los \u00e9lectriques, en ville de Fribourg.<\/p>\n<p><a href=\"https:\/\/fribourg-centre.com\/wp-content\/uploads\/2021\/10\/FC_Cabamobil_Flyer_A6_FR_102021.pdf\"><img loading=\"lazy\" class=\"alignnone wp-image-16613 size-medium\" src=\"https:\/\/fribourg-centre.com\/wp-content\/uploads\/2021\/10\/FC_Cabamobil_Flyer_A6_FR_102021-pdf-213x300.jpg\" alt=\"\" width=\"213\" height=\"300\" \/><\/a><\/p>\n<p>Le saviez-vous\u00a0? Cabamobil\u00a0est bien plus qu\u2019un simple service de livraison de courses \u00e0 domicile\u00a0!<\/p>\n<p>Au-del\u00e0 d\u2019une aide pr\u00e9cieuse \u00e0 la client\u00e8le du Centre, Cabamobil est \u00e9galement un projet de (r\u00e9)insertion professionnelle. Du livreur \u00e0 l\u2019h\u00f4tesse d\u2019accueil, tout le personnel Cabamobil est engag\u00e9 pour une p\u00e9riode d\u00e9finie dans le but de leur offrir une (premi\u00e8re) exp\u00e9rience professionnelle ou la possibilit\u00e9 de se (r\u00e9)int\u00e9grer dans le monde du travail.<\/p>\n<p>Nous collaborons \u00e9troitement avec l\u2019ORS Group,\u00a0Caritas Suisse, le Service cantonal de l\u2019action sociale (Etat de Fribourg), ainsi que les mesures du march\u00e9 du travail de la\u00a0Ville de Fribourg. Toutes ces institutions nous aident \u00e0 trouver les potentiels candidats pour les diff\u00e9rents postes au sein de Cabamobil. Certains collaborateurs de ce programme trouvent un poste de travail fixe aupr\u00e8s d\u2019une autre entreprise suite \u00e0 leur pr\u00e9sence chez nous. Cela confirme d\u2019autant plus le bien-fond\u00e9 de l\u2019existence de ce service.<\/p>\n<\/div><div class=\"tabs-panel\" id=\"panel13\"><h4>Parking<\/h4><p>Le centre dispose de plus de 120 places de parc. L&#8217;entr\u00e9e se trouve aux Grand-Places, \u00e0 c\u00f4t\u00e9 du b\u00e2timent. La hauteur du parking est de 2m20.<\/p>\n<p>&nbsp;<\/p>\n<\/div><\/div><\/div>\n","protected":false},"excerpt":{"rendered":"<p>Willkommen im Fribourg Centre und in der Galerie! Hier finden sie alle n\u00fctzlichen Ausk\u00fcnfte und praktischen Informationen rund um Fribourg Centre. Wir freuen uns auf Ihren Besuch!<\/p>\n","protected":false},"author":1,"featured_media":0,"parent":742,"menu_order":0,"comment_status":"closed","ping_status":"closed","template":"","meta":{"inline_featured_image":false},"_links":{"self":[{"href":"https:\/\/fribourg-centre.com\/de\/wp-json\/wp\/v2\/pages\/731\/"}],"collection":[{"href":"https:\/\/fribourg-centre.com\/de\/wp-json\/wp\/v2\/pages\/"}],"about":[{"href":"https:\/\/fribourg-centre.com\/de\/wp-json\/wp\/v2\/types\/page\/"}],"author":[{"embeddable":true,"href":"https:\/\/fribourg-centre.com\/de\/wp-json\/wp\/v2\/users\/1\/"}],"replies":[{"embeddable":true,"href":"https:\/\/fribourg-centre.com\/de\/wp-json\/wp\/v2\/comments\/?post=731"}],"version-history":[{"count":2,"href":"https:\/\/fribourg-centre.com\/de\/wp-json\/wp\/v2\/pages\/731\/revisions\/"}],"predecessor-version":[{"id":15271,"href":"https:\/\/fribourg-centre.com\/de\/wp-json\/wp\/v2\/pages\/731\/revisions\/15271\/"}],"up":[{"embeddable":true,"href":"https:\/\/fribourg-centre.com\/de\/wp-json\/wp\/v2\/pages\/742\/"}],"wp:attachment":[{"href":"https:\/\/fribourg-centre.com\/de\/wp-json\/wp\/v2\/media\/?parent=731"}],"curies":[{"name":"wp","href":"https:\/\/api.w.org\/{rel}","templated":true}]}}