{"id":652,"date":"2016-02-10T11:37:47","date_gmt":"2016-02-10T10:37:47","guid":{"rendered":"https:\/\/fribourg-centre.com\/horaires\/?lang=de"},"modified":"2026-01-12T15:59:13","modified_gmt":"2026-01-12T13:59:13","slug":"oeffnungszeiten","status":"publish","type":"page","link":"https:\/\/fribourg-centre.com\/de\/fribourg-centre\/oeffnungszeiten\/","title":{"rendered":"\u00d6ffnungszeiten"},"content":{"rendered":"<ul id=\"horaire-centre\" class=\"clearfix\" style=\"margin-bottom: 0px!important;\"><li><div class=\"day\"><span class=\"title\">Montag<\/span><span class=\"hours\">09:00 - 19:00<\/span><\/div><\/li><li><div class=\"day\"><span class=\"title\">Dienstag<\/span><span class=\"hours\">09:00 - 19:00<\/span><\/div><\/li><li class=\"active\"><div class=\"day\"><span class=\"title\">Mittwoch<\/span><span class=\"hours\">09:00 - 19:00<\/span><\/div><\/li><li><div class=\"day\"><span class=\"title\">Donnerstag<\/span><span class=\"hours\">09:00 - 19:00<\/span><\/div><\/li><li><div class=\"day\"><span class=\"title\">Freitag<i class=\"fa fa-moon-o\"><\/i><\/span><span class=\"hours\">09:00 - 20:00<\/span><\/div><\/li><li><div class=\"day\"><span class=\"title\">Samstag<\/span><span class=\"hours\">08:30 - 16:00<\/span><\/div><\/li><li><div class=\"day\"><span class=\"title\">Sonntag<\/span><span class=\"hours\">geschlossen<\/span><\/div><\/li><\/ul>\n<p>&nbsp;<\/p>\n<div class=\"bloc-horaire\"><strong>Lebensmittelgesch\u00e4fte \u00f6ffnen 30 Minuten fr\u00fcher. Caf\u00e9s \u00f6ffnen jeden Tag um 8.00 Uhr.<br \/>\n<\/strong><\/div>\n<div role=\"group\" aria-label=\"Message shortcuts\" data-qa=\"message-actions\">&nbsp;<\/div>\n<h3><b>Spezielle \u00d6ffnungszeiten und Feiertage 2026<\/b><\/h3>\n<ul><li>Donnerstag 1er januar 2026 - Neujahrstag : geschlossen<\/li><li>Freitag 3 april 2026 - Karfreitag : geschlossen<\/li><li>Montag 6 april 2026 - Ostermontag : <strong>09:00 - 19:00<\/strong><\/li><li>Donnerstag 14 mai 2026 - Auffahrt : geschlossen<\/li><li>Montag 25 mai 2026 - Pfingstmontag : <strong>09:00 - 19:00<\/strong><\/li><li>Donnerstag 4 juni 2026 - Fonleichnam : geschlossen<\/li><li>Samstag 1er august 2026 - Bundesfeier : geschlossen<\/li><li>Samstag 15 august 2026 - Maria Himmelfahrt : geschlossen<\/li><li> 1er november 2026 - Allerheiligen : geschlossen<\/li><li>Samstag 5 dezember 2026 - St. Nikolaus : <strong>08:30 - 17:00<\/strong><\/li><li>Dienstag 8 dezember 2026 - Maria Empf\u00e4ngnis : geschlossen<\/li><li>Freitag 25 dezember 2026 - Weihnachtstag : geschlossen<\/li><li>Freitag 1er januar 2027 - Neujahrstag : geschlossen<\/li><\/ul>\n<p>*Spezielle \u00d6ffnungszeiten w\u00e4hrend der Weihnachtszeit wie die Verschiebung des Abendverkaufs oder andere aussergew\u00f6hnliche \u00d6ffnungszeiten, die mit dieser Zeit zusammenh\u00e4ngen, werden je nach den erhaltenen Genehmigungen zu gegebener Zeit kommuniziert.<\/p>\n","protected":false},"excerpt":{"rendered":"<p>&nbsp; Lebensmittelgesch\u00e4fte \u00f6ffnen 30 Minuten fr\u00fcher. Caf\u00e9s \u00f6ffnen jeden Tag um 8.00 Uhr. &nbsp; Spezielle \u00d6ffnungszeiten und Feiertage 2026 *Spezielle \u00d6ffnungszeiten w\u00e4hrend der Weihnachtszeit wie die Verschiebung des Abendverkaufs oder andere aussergew\u00f6hnliche \u00d6ffnungszeiten, die mit dieser Zeit zusammenh\u00e4ngen, werden je nach den erhaltenen Genehmigungen zu gegebener Zeit kommuniziert.<\/p>\n","protected":false},"author":1,"featured_media":0,"parent":742,"menu_order":0,"comment_status":"closed","ping_status":"closed","template":"","meta":{"inline_featured_image":false},"_links":{"self":[{"href":"https:\/\/fribourg-centre.com\/de\/wp-json\/wp\/v2\/pages\/652\/"}],"collection":[{"href":"https:\/\/fribourg-centre.com\/de\/wp-json\/wp\/v2\/pages\/"}],"about":[{"href":"https:\/\/fribourg-centre.com\/de\/wp-json\/wp\/v2\/types\/page\/"}],"author":[{"embeddable":true,"href":"https:\/\/fribourg-centre.com\/de\/wp-json\/wp\/v2\/users\/1\/"}],"replies":[{"embeddable":true,"href":"https:\/\/fribourg-centre.com\/de\/wp-json\/wp\/v2\/comments\/?post=652"}],"version-history":[{"count":42,"href":"https:\/\/fribourg-centre.com\/de\/wp-json\/wp\/v2\/pages\/652\/revisions\/"}],"predecessor-version":[{"id":30310,"href":"https:\/\/fribourg-centre.com\/de\/wp-json\/wp\/v2\/pages\/652\/revisions\/30310\/"}],"up":[{"embeddable":true,"href":"https:\/\/fribourg-centre.com\/de\/wp-json\/wp\/v2\/pages\/742\/"}],"wp:attachment":[{"href":"https:\/\/fribourg-centre.com\/de\/wp-json\/wp\/v2\/media\/?parent=652"}],"curies":[{"name":"wp","href":"https:\/\/api.w.org\/{rel}","templated":true}]}}