{"id":30744,"date":"2026-05-07T09:05:47","date_gmt":"2026-05-07T07:05:47","guid":{"rendered":"https:\/\/fribourg-centre.com\/tas-oublie-ta-mere\/"},"modified":"2026-05-11T08:30:56","modified_gmt":"2026-05-11T06:30:56","slug":"tas-oublie-la-fete-des-meres","status":"publish","type":"page","link":"https:\/\/fribourg-centre.com\/de\/tas-oublie-la-fete-des-meres\/","title":{"rendered":"T\u2019as oubli\u00e9 la f\u00eate des m\u00e8res ?"},"content":{"rendered":"<p><strong>T\u2019as oubli\u00e9 la f\u00eate des m\u00e8res ?!<\/strong><\/p>\n<p>La f\u00eate des m\u00e8res, c\u2019est pass\u00e9. Vous avez oubli\u00e9, tant pis ou\u2026 tant mieux ! Les commer\u00e7ants de Fribourg Centre et La Galerie vous proposent un concours pour c\u00e9l\u00e9brer les mamans tout au long de l\u2019ann\u00e9e et pas uniquement le jour de la f\u00eate des m\u00e8res.<\/p>\n<p>Tentez de remporter une <strong>carte cadeau d\u2019une valeur de CHF 300.\u2013<\/strong> \u00e0 utiliser dans l\u2019une des enseignes participantes.<\/p>\n<p>Du <strong>11 au 23 mai 2026<\/strong>, choisissez le cadeau qui vous plait le plus parmi la s\u00e9lection d\u2019enseignes de Fribourg Centre et La Galerie\u2026 et laissez la chance faire le reste.<\/p>\n<p><strong>Comment participer ?<\/strong><\/p>\n<ol>\n<li>R\u00e9cup\u00e9rez un coupon de participation, disponible dans les enseignes suivantes : Anouk, BodyMinute, Carat, C&amp;A, Mobilezone, Only et The Nail Bar.<br \/>\nLe coupon peut \u00e9galement \u00eatre t\u00e9l\u00e9charg\u00e9 <a href=\"https:\/\/fribourg-centre.com\/wp-content\/uploads\/2026\/05\/FC_ActMaman_Flyer_HQ.pdf\" target=\"_blank\" rel=\"noopener\"><u>ici<\/u><\/a>.<\/li>\n<li>Remplissez le coupon&nbsp;: Indiquez vos coordonn\u00e9es compl\u00e8tes et s\u00e9lectionnez le cadeau qui vous fait envie.<\/li>\n<li>D\u00e9posez votre coupon de participation&nbsp;en le glissant dans l\u2019urne situ\u00e9e au Point Info (niveau 3) de Fribourg Centre jusqu\u2019au 23 mai 2026.<\/li>\n<\/ol>\n<p>Vous participez ainsi au tirage au sort pour tenter de gagner une carte cadeau de CHF 300.\u2013 dans l\u2019enseigne de votre choix, id\u00e9ale pour vous faire plaisir et vous aider dans votre grande poutze de printemps&nbsp;!<\/p>\n<p><strong>Une maman, c\u2019est pour toute la vie, pas qu\u2019\u00e0 la f\u00eate des m\u00e8res&nbsp;! <\/strong><\/p>\n<p>En participant, vous pouvez tenter de remporter <strong>une carte cadeau<\/strong> correspondant \u00e0 l\u2019un des univers suivants :<\/p>\n<ul>\n<li><strong>Anouk <\/strong>\u2013 Ensemble de v\u00eatements printaniers<\/li>\n<li><strong>BodyMinute<\/strong> \u2013 Soin visage Flash\u2019Masque<\/li>\n<li><strong>Carat <\/strong>\u2013 Parure Collier Zirconia Argent 925 &#8211; Style de Carat<\/li>\n<li><strong>C&amp;A<\/strong> \u2013 Ensemble denim casual<\/li>\n<li><strong>Mobilezone<\/strong> \u2013 iPhone XR reconditionn\u00e9 jusit, powerbank et \u00e9couteurs Fresh\u2019N Rebel<\/li>\n<li><strong>Only &#8211; <\/strong>Robe longue 100% viscose Starsezen<\/li>\n<li><strong>The Nail Bar<\/strong> &#8211; Soin Deluxe Super Woman main. Manucure en version spa avec gommage, masque et massage des mains, avec une couleur en semi permanent.<\/li>\n<\/ul>\n<p><img src=\"https:\/\/fribourg-centre.com\/wp-content\/uploads\/2026\/05\/ACT_menage_Site_ANOUK_01-1-scaled.jpg\" class=\"size-full aligncenter\" \/><\/p>\n<p><img src=\"https:\/\/fribourg-centre.com\/wp-content\/uploads\/2026\/05\/ACT_menage_Site_BODYMINUTE_02-1-scaled.jpg\" class=\"size-full aligncenter\" \/><\/p>\n<p><img src=\"https:\/\/fribourg-centre.com\/wp-content\/uploads\/2026\/05\/ACT_menage_Site_CARAT_06-1-scaled.jpg\" class=\"size-full aligncenter\" \/><\/p>\n<p><img src=\"https:\/\/fribourg-centre.com\/wp-content\/uploads\/2026\/05\/ACT_menage_Site_CA_07-1-scaled.jpg\" class=\"size-full aligncenter\" \/><\/p>\n<p><img src=\"https:\/\/fribourg-centre.com\/wp-content\/uploads\/2026\/05\/ACT_menage_Site_MOBILEZONE_04-1-scaled.jpg\" class=\"size-full aligncenter\" \/><\/p>\n<p><img src=\"https:\/\/fribourg-centre.com\/wp-content\/uploads\/2026\/05\/ACT_menage_Site_ONLY_03-1-scaled.jpg\" class=\"size-full aligncenter\" \/><\/p>\n<p><img src=\"https:\/\/fribourg-centre.com\/wp-content\/uploads\/2026\/05\/ACT_menage_Site_THENAILBAR_05-1-scaled.jpg\" class=\"size-full aligncenter\" \/><\/p>\n<p><em>Le cadeau s\u00e9lectionn\u00e9 lors de la participation est indicatif et n\u2019implique aucune r\u00e9servation de produit.<\/em><\/p>\n<p><strong>Conditions de participation<\/strong><\/p>\n<p>Ce concours est organis\u00e9 par l\u2019Association des Commer\u00e7ants de Fribourg Centre et La Galerie. Il est ouvert \u00e0 toute personne domicili\u00e9e en Suisse, \u00e2g\u00e9e de 18 ans r\u00e9volus. La participation est gratuite et sans engagement.<\/p>\n<p>Pour participer, s\u00e9lectionnez un cadeau parmi les sept propos\u00e9s, indiquez vos coordonn\u00e9es compl\u00e8tes et d\u00e9posez le coupon de participation au Point Info de Fribourg Centre (niveau 3) entre le <strong>11.05.2026<\/strong> <strong>et le 23.05.2026.<\/strong><\/p>\n<p>Le gain consiste en une carte cadeau de l\u2019enseigne choisie d\u2019une valeur de <strong>CHF 300.\u2013<\/strong>. Un seul gain peut \u00eatre gagn\u00e9 par personne. Le produit s\u00e9lectionn\u00e9 est indicatif, non r\u00e9serv\u00e9 et peut ne plus \u00eatre disponible. La carte cadeau n\u2019est ni \u00e9changeable, ni remboursable, ni convertible en esp\u00e8ces et est valable uniquement dans les magasins participants de Fribourg Centre et La Galerie.<\/p>\n<p>Les gagnants sont tir\u00e9s au sort et contact\u00e9s par t\u00e9l\u00e9phone. En cas de non-r\u00e9ponse, un nouveau tirage pourra \u00eatre effectu\u00e9. Toute voie de recours juridique est exclue. Aucune correspondance ne sera \u00e9chang\u00e9e.<\/p>\n<p>Fribourg, mai 2026.<\/p>\n","protected":false},"excerpt":{"rendered":"<p>T\u2019as oubli\u00e9 la f\u00eate des m\u00e8res ?! La f\u00eate des m\u00e8res, c\u2019est pass\u00e9. Vous avez oubli\u00e9, tant pis ou\u2026 tant mieux ! Les commer\u00e7ants de Fribourg Centre et La Galerie vous proposent un concours pour c\u00e9l\u00e9brer les mamans tout au long de l\u2019ann\u00e9e et pas uniquement le jour de la f\u00eate des m\u00e8res. Tentez de [&hellip;]<\/p>\n","protected":false},"author":1,"featured_media":30804,"parent":0,"menu_order":0,"comment_status":"closed","ping_status":"closed","template":"","meta":{"inline_featured_image":false},"_links":{"self":[{"href":"https:\/\/fribourg-centre.com\/de\/wp-json\/wp\/v2\/pages\/30744\/"}],"collection":[{"href":"https:\/\/fribourg-centre.com\/de\/wp-json\/wp\/v2\/pages\/"}],"about":[{"href":"https:\/\/fribourg-centre.com\/de\/wp-json\/wp\/v2\/types\/page\/"}],"author":[{"embeddable":true,"href":"https:\/\/fribourg-centre.com\/de\/wp-json\/wp\/v2\/users\/1\/"}],"replies":[{"embeddable":true,"href":"https:\/\/fribourg-centre.com\/de\/wp-json\/wp\/v2\/comments\/?post=30744"}],"version-history":[{"count":9,"href":"https:\/\/fribourg-centre.com\/de\/wp-json\/wp\/v2\/pages\/30744\/revisions\/"}],"predecessor-version":[{"id":30798,"href":"https:\/\/fribourg-centre.com\/de\/wp-json\/wp\/v2\/pages\/30744\/revisions\/30798\/"}],"wp:featuredmedia":[{"embeddable":true,"href":"https:\/\/fribourg-centre.com\/de\/wp-json\/wp\/v2\/media\/30804\/"}],"wp:attachment":[{"href":"https:\/\/fribourg-centre.com\/de\/wp-json\/wp\/v2\/media\/?parent=30744"}],"curies":[{"name":"wp","href":"https:\/\/api.w.org\/{rel}","templated":true}]}}