{"id":30382,"date":"2026-01-26T12:11:46","date_gmt":"2026-01-26T10:11:46","guid":{"rendered":"https:\/\/fribourg-centre.com\/lamour-au-centre\/"},"modified":"2026-01-30T14:37:42","modified_gmt":"2026-01-30T12:37:42","slug":"lamour-au-centre","status":"publish","type":"page","link":"https:\/\/fribourg-centre.com\/de\/lamour-au-centre\/","title":{"rendered":"L\u2019amour au centre"},"content":{"rendered":"<p><strong>L\u2019amour au Centre<\/strong><\/p>\n<p>\u00c0 l\u2019occasion de la Saint-Valentin, les commer\u00e7ants de Fribourg Centre et La Galerie c\u00e9l\u00e8brent l\u2019amour sous toutes ses formes avec un concours de folie&nbsp;!<\/p>\n<p>Tentez de remporter une <strong>carte cadeau d\u2019une valeur de CHF 300.\u2013<\/strong> \u00e0 utiliser dans l\u2019une des enseignes participantes.<\/p>\n<p>Du <strong>2 au 13 f\u00e9vrier 2026<\/strong>, choisissez le cadeau qui vous\/lui plait le plus parmi la s\u00e9lection d\u2019enseignes de Fribourg Centre et La Galerie\u2026 et laissez la chance faire le reste.<\/p>\n<p><strong>Comment participer ?<\/strong><\/p>\n<ol>\n<li>R\u00e9cup\u00e9rez un coupon de participation, disponible dans les enseignes suivantes : Beldona, Christ, Emer Coiffure, Etam, Jardin sur P\u00e9rolles, Lacoste, L\u00e4derach et Rituals.<br \/>\nLe coupon peut \u00e9galement \u00eatre t\u00e9l\u00e9charg\u00e9 <a href=\"https:\/\/fribourg-centre.com\/wp-content\/uploads\/2026\/01\/FC_ACT_St_Valentin_Monde_HQ.pdf\" target=\"_blank\" rel=\"noopener\"><u>ici<\/u><\/a>.<\/li>\n<li>Remplissez le coupon&nbsp;: Indiquez vos coordonn\u00e9es compl\u00e8tes et s\u00e9lectionnez le cadeau qui vous\/lui fait envie.<\/li>\n<li>D\u00e9posez votre coupon de participation&nbsp;en le glissant dans l\u2019urne situ\u00e9e au Point Info (niveau 3) de Fribourg Centre jusqu\u2019au 13 f\u00e9vrier 2026 \u00e0 12h (midi).<\/li>\n<\/ol>\n<p>Vous participez ainsi au tirage au sort pour tenter de gagner une carte cadeau de CHF 300.\u2013 dans l\u2019enseigne de votre choix, id\u00e9ale pour vous faire plaisir ou g\u00e2ter la personne de votre c\u0153ur \u00e0 la Saint-Valentin.<\/p>\n<p><strong>Envie de lui\/vous faire plaisir ? <\/strong><\/p>\n<p>En participant, vous pouvez tenter de remporter une carte cadeau correspondant \u00e0 l\u2019un des univers suivants :<\/p>\n<p><strong>Beldona<\/strong> \u2013 Soutien-gorge et slip \u00ab Camila \u00bb<\/p>\n<p><img src=\"https:\/\/fribourg-centre.com\/wp-content\/uploads\/2026\/01\/FC_ACT_St-Valentin_photo_FC_ACT_St-Valentin_Beldona-scaled.jpg\" class=\"alignnone size-full\" \/><\/p>\n<p><strong>Christ<\/strong> \u2013 Parure \u00ab Silver Spirit \u00bb (collier et boucles d\u2019oreilles)<\/p>\n<p><img src=\"https:\/\/fribourg-centre.com\/wp-content\/uploads\/2026\/01\/FC_ACT_St-Valentin_photo_FC_ACT_St-Valentin_carat-scaled.jpg\" class=\"alignnone size-full\" \/><\/p>\n<p><strong>Emer Coiffure<\/strong> \u2013 Coffret de soins capillaires K\u00e9rastase Genesis (elle &amp; lui)<\/p>\n<p><img src=\"https:\/\/fribourg-centre.com\/wp-content\/uploads\/2026\/01\/FC_ACT_St-Valentin_photo_FC_ACT_St-Valentin_Emer-scaled.jpg\" class=\"alignnone size-full\" \/><\/p>\n<p><strong>Etam<\/strong> \u2013 Soutien-gorge et string \u00ab D\u00e9sir \u00bb<\/p>\n<p><img src=\"https:\/\/fribourg-centre.com\/wp-content\/uploads\/2026\/01\/FC_ACT_St-Valentin_photo_FC_ACT_St-Valentin_Etam-scaled.jpg\" class=\"alignnone size-full\" \/><\/p>\n<p><strong>Jardin sur P\u00e9rolles<\/strong> \u2013 Bouquet de fleurs \u00ab Mon amour \u00bb<\/p>\n<p><img src=\"https:\/\/fribourg-centre.com\/wp-content\/uploads\/2026\/01\/FC_ACT_St-Valentin_photo_FC_ACT_St-Valentin_JSP-scaled.jpg\" class=\"alignnone size-full\" \/><\/p>\n<p><strong>Lacoste<\/strong> \u2013 Duo de polos pour elle &amp; lui<\/p>\n<p><img src=\"https:\/\/fribourg-centre.com\/wp-content\/uploads\/2026\/01\/FC_ACT_St-Valentin_photo_FC_ACT_St-Valentin_lacoste-scaled.jpg\" class=\"alignnone size-full\" \/><\/p>\n<p><strong>L\u00e4derach<\/strong> \u2013 Oursons \u00e0 la framboise et bo\u00eete c\u0153ur de pralin\u00e9s<\/p>\n<p><img src=\"https:\/\/fribourg-centre.com\/wp-content\/uploads\/2026\/01\/FC_ACT_St-Valentin_photo_FC_ACT_St-Valentin_Laderach-scaled.jpg\" class=\"alignnone size-full\" \/><\/p>\n<p><strong>Rituals<\/strong> \u2013 Coffret de soins pour le corps (elle &amp; lui)<\/p>\n<p><img src=\"https:\/\/fribourg-centre.com\/wp-content\/uploads\/2026\/01\/FC_ACT_St-Valentin_photo_FC_ACT_St-Valentin_Rituals-scaled.jpg\" class=\"alignnone size-full\" \/><\/p>\n<p><em>Le cadeau s\u00e9lectionn\u00e9 lors de la participation est indicatif et n\u2019implique aucune r\u00e9servation de produit.<\/em><\/p>\n<p><strong>Conditions de participation<\/strong><\/p>\n<p>Ce concours est organis\u00e9 par l\u2019Association des Commer\u00e7ants de Fribourg Centre et La Galerie. Il est ouvert \u00e0 toute personne domicili\u00e9e en Suisse, \u00e2g\u00e9e de 18 ans r\u00e9volus. La participation est gratuite et sans engagement.<\/p>\n<p>Pour participer, s\u00e9lectionnez un cadeau parmi les huit propos\u00e9s, indiquez vos coordonn\u00e9es compl\u00e8tes et d\u00e9posez le coupon de participation au Point Info de Fribourg Centre (niveau 3) entre le <strong>02.02.2026<\/strong> <strong>et le 13.02.2026 \u00e0 12h (midi).<\/strong><\/p>\n<p>Le gain consiste en une carte cadeau de l\u2019enseigne choisie d\u2019une valeur de <strong>CHF 300.\u2013<\/strong>. Un seul gain peut \u00eatre gagn\u00e9 par personne. Le produit s\u00e9lectionn\u00e9 est indicatif, non r\u00e9serv\u00e9 et peut ne plus \u00eatre disponible. La carte cadeau n\u2019est ni \u00e9changeable, ni remboursable, ni convertible en esp\u00e8ces et est valable uniquement dans les magasins participants de Fribourg Centre et La Galerie.<\/p>\n<p>Les gagnants sont tir\u00e9s au sort et contact\u00e9s par t\u00e9l\u00e9phone. En cas de non-r\u00e9ponse, un nouveau tirage pourra \u00eatre effectu\u00e9. Toute voie de recours juridique est exclue. Aucune correspondance ne sera \u00e9chang\u00e9e.<\/p>\n<p>Fribourg, f\u00e9vrier 2026.<\/p>\n","protected":false},"excerpt":{"rendered":"<p>L\u2019amour au Centre \u00c0 l\u2019occasion de la Saint-Valentin, les commer\u00e7ants de Fribourg Centre et La Galerie c\u00e9l\u00e8brent l\u2019amour sous toutes ses formes avec un concours de folie&nbsp;! Tentez de remporter une carte cadeau d\u2019une valeur de CHF 300.\u2013 \u00e0 utiliser dans l\u2019une des enseignes participantes. Du 2 au 13 f\u00e9vrier 2026, choisissez le cadeau qui [&hellip;]<\/p>\n","protected":false},"author":1,"featured_media":30378,"parent":0,"menu_order":0,"comment_status":"closed","ping_status":"closed","template":"","meta":{"inline_featured_image":false},"_links":{"self":[{"href":"https:\/\/fribourg-centre.com\/de\/wp-json\/wp\/v2\/pages\/30382\/"}],"collection":[{"href":"https:\/\/fribourg-centre.com\/de\/wp-json\/wp\/v2\/pages\/"}],"about":[{"href":"https:\/\/fribourg-centre.com\/de\/wp-json\/wp\/v2\/types\/page\/"}],"author":[{"embeddable":true,"href":"https:\/\/fribourg-centre.com\/de\/wp-json\/wp\/v2\/users\/1\/"}],"replies":[{"embeddable":true,"href":"https:\/\/fribourg-centre.com\/de\/wp-json\/wp\/v2\/comments\/?post=30382"}],"version-history":[{"count":1,"href":"https:\/\/fribourg-centre.com\/de\/wp-json\/wp\/v2\/pages\/30382\/revisions\/"}],"predecessor-version":[{"id":30383,"href":"https:\/\/fribourg-centre.com\/de\/wp-json\/wp\/v2\/pages\/30382\/revisions\/30383\/"}],"wp:featuredmedia":[{"embeddable":true,"href":"https:\/\/fribourg-centre.com\/de\/wp-json\/wp\/v2\/media\/30378\/"}],"wp:attachment":[{"href":"https:\/\/fribourg-centre.com\/de\/wp-json\/wp\/v2\/media\/?parent=30382"}],"curies":[{"name":"wp","href":"https:\/\/api.w.org\/{rel}","templated":true}]}}