{"id":29832,"date":"2025-11-06T18:01:55","date_gmt":"2025-11-06T16:01:55","guid":{"rendered":"https:\/\/fribourg-centre.com\/metallikids\/"},"modified":"2025-11-06T18:01:55","modified_gmt":"2025-11-06T16:01:55","slug":"metallikids","status":"publish","type":"page","link":"https:\/\/fribourg-centre.com\/de\/metallikids\/","title":{"rendered":"Metallikids"},"content":{"rendered":"<p><strong>Rock the mall 2 by Metallikids<\/strong><\/p>\n<p>Entrez dans l\u2019univers \u00e9lectrique du rock et du m\u00e9tal avec le groupe fribourgeois Metallikids !<\/p>\n<p>Ce groupe unique propose des concerts et animations sp\u00e9cialement con\u00e7us pour les familles et les enfants, dans une ambiance aussi festive que rythm\u00e9e.<\/p>\n<p>&nbsp;Le samedi 22 novembre 2025, Fribourg Centre vibrera au son des guitares et des riffs endiabl\u00e9s : rendez-vous dans le mall (niveau 1) pour une deuxi\u00e8me \u00e9dition pleine d\u2019\u00e9nergie !<\/p>\n<p>Programme<\/p>\n<ul>\n<li>Entre 13h et 16h : <em>Atelier cr\u00e9atif<\/em> \u2014 cr\u00e9ation de guitare de rock star (dur\u00e9e 15-20 minutes).<br \/>\nGratuit et sans inscription.<\/li>\n<li>\u00c0 13h et \u00e0 15h : <em>Initiation th\u00e9orique et humoristique au rock et m\u00e9tal<\/em> avec le prof Eddie (dur\u00e9e 35 \u00e0 40 minutes).<br \/>\nGratuit et sans inscription.<\/li>\n<li>\u00c0 16h15 : <em>Concert de Metallikids<\/em> (dur\u00e9e 1h).<br \/>\nL\u2019entr\u00e9e pour les retardataires apr\u00e8s la fermeture du centre se fera par l\u2019entr\u00e9e principale (c\u00f4t\u00e9 gare).<br \/>\nGratuit \u00e9galement.<\/li>\n<\/ul>\n<p>\ud83c\udfb8 Tout est gratuit et ouvert \u00e0 tous, alors let\u2019s rock ensemble !<\/p>\n","protected":false},"excerpt":{"rendered":"<p>Rock the mall 2 by Metallikids Entrez dans l\u2019univers \u00e9lectrique du rock et du m\u00e9tal avec le groupe fribourgeois Metallikids ! Ce groupe unique propose des concerts et animations sp\u00e9cialement con\u00e7us pour les familles et les enfants, dans une ambiance aussi festive que rythm\u00e9e. &nbsp;Le samedi 22 novembre 2025, Fribourg Centre vibrera au son des [&hellip;]<\/p>\n","protected":false},"author":1,"featured_media":0,"parent":0,"menu_order":0,"comment_status":"closed","ping_status":"closed","template":"","meta":{"inline_featured_image":false},"_links":{"self":[{"href":"https:\/\/fribourg-centre.com\/de\/wp-json\/wp\/v2\/pages\/29832\/"}],"collection":[{"href":"https:\/\/fribourg-centre.com\/de\/wp-json\/wp\/v2\/pages\/"}],"about":[{"href":"https:\/\/fribourg-centre.com\/de\/wp-json\/wp\/v2\/types\/page\/"}],"author":[{"embeddable":true,"href":"https:\/\/fribourg-centre.com\/de\/wp-json\/wp\/v2\/users\/1\/"}],"replies":[{"embeddable":true,"href":"https:\/\/fribourg-centre.com\/de\/wp-json\/wp\/v2\/comments\/?post=29832"}],"version-history":[{"count":0,"href":"https:\/\/fribourg-centre.com\/de\/wp-json\/wp\/v2\/pages\/29832\/revisions\/"}],"wp:attachment":[{"href":"https:\/\/fribourg-centre.com\/de\/wp-json\/wp\/v2\/media\/?parent=29832"}],"curies":[{"name":"wp","href":"https:\/\/api.w.org\/{rel}","templated":true}]}}