{"id":28439,"date":"2025-06-05T08:28:39","date_gmt":"2025-06-05T06:28:39","guid":{"rendered":"https:\/\/fribourg-centre.com\/?page_id=28439"},"modified":"2025-10-23T16:29:10","modified_gmt":"2025-10-23T14:29:10","slug":"nouvelle-fresque","status":"publish","type":"page","link":"https:\/\/fribourg-centre.com\/de\/nouvelle-fresque\/","title":{"rendered":"Nouvelle fresque"},"content":{"rendered":"<p><strong>L\u2019artiste Michel FR est le laur\u00e9at 2025 du projet artistique 92 m2 dans La Galerie Fribourg<\/strong><\/p>\n<p>Choisi parmi une dizaine de projets, la proposition de l\u2019artiste Michel FR &#8220;\u00e7a tourne \u00e0 Fri-bourg\u201d- \u201cUne oeuvre en noir et blanc, comme un vieux film\u201d a \u00e9t\u00e9 choisie \u00e0 l\u2019unanimit\u00e9 du jury. L\u2019artiste re\u00e7oit la somme de 15,000 CHF. Deux mentions ont \u00e9t\u00e9 attribu\u00e9es \u00e0 Chiaradia Boris et Pillonel Isabela.<\/p>\n<p>Michel Cotting de son nom d\u2019artiste Michel FR est n\u00e9 \u00e0 Fribourg en 1976.<br \/>\nIl explore un univers peupl\u00e9 de personnages d\u00e9cal\u00e9s, m\u00ealant situations \u00e0 la fois cocasses et ambigu\u00ebs. Son travail est plein d\u2019humour, de couleurs vives et d\u2019int\u00e9gration de textes, souvent sur de grands formats ou sous forme de fresques monumentales. Expos\u00e9 en Suisse et \u00e0 l\u2019\u00e9tranger, il est \u00e9galement reconnu pour ses performances de Live Painting alliant spontan\u00e9it\u00e9 et \u00e9nergie cr\u00e9ative.<\/p>\n<p>Apr\u00e8s les cr\u00e9ations de Lucien Cosandey (alias Rustre) en 2017, de Gaspard Louane en 2019 et du Collectif Nectar Andino en 2021, le jury a choisi \u00e0 l\u2019unanimit\u00e9 la proposition de Michel FR intitul\u00e9e \u201c\u00e7a tourne \u00e0 Fribourg\u201d- \u201cUne oeuvre en noir et blanc, comme un vieux film\u201d comme nouvelle oeuvre \u00e0 cr\u00e9er dans la sortie pi\u00e9tonne de La Galerie devant Equilibre.<\/p>\n<p>A l\u2019occasion du 18\u00e8me anniversaire de La Galerie, le Groupe Nordmann, en collaboration avec la Ville de Fribourg, a r\u00e9\u00e9dit\u00e9 son concours artistique pour la cr\u00e9ation d\u2019une oeuvre de 92 m2, sur son mur d\u00e9sormais habitu\u00e9 \u00e0 l\u2019expression \u00e9ph\u00e9m\u00e8re d\u2019oeuvres artistiques et dont le principe \u00e9tant que d\u2019autres r\u00e9alisations prennent place au m\u00eame endroit.<\/p>\n<p>Pour cette quatri\u00e8me \u00e9dition, une nouvelle cr\u00e9ation sera visible pendant deux ans d\u00e8s le mois d\u2019octobre 2025. Pour sa r\u00e9alisation, et dans l\u2019esprit du th\u00e8me \u00ab \u00e7a tourne \u00e0 Fribourg \u00bb propos\u00e9 par l\u2019organisateur, l\u2019artiste oeuvrera dans le but de cr\u00e9er une oeuvre dont l\u2019id\u00e9e est de faire un clin d\u2019oeil \u00e0 la 40\u00e8me \u00e9dition du FIFF (Festival International du Film de Fribourg) et \u00e0 quelques lieux embl\u00e9matiques de la Ville de Fribourg qui se pr\u00eaterait bien \u00e0 un tournage cin\u00e9matogra-phique.<\/p>\n<ul>\n<li>Le jury qui a d\u00e9lib\u00e9r\u00e9 sur les diff\u00e9rents projets \u00e9tait compos\u00e9 de<br \/>\nDavid Brulhart, Atelier tramway et enseignant en Arts Plastiques au CO du Bel-luard<\/li>\n<li>Juan Diaz, Chef du Service de la culture de la Ville de Fribourg<\/li>\n<li>Gaelle Genet, Responsable programmation et membre de la commission artistique du FIFF<\/li>\n<li>Caroline Schuster Cordone, Vice-directrice du Mus\u00e9e d\u2019Art et d\u2019Histoire, histo-rienne de l\u2019art<\/li>\n<li>Alain Deschenaux, Directeur g\u00e9n\u00e9ral du Groupe Nordmann<\/li>\n<li>Philippe Tom\u00e9, Directeur du centre commercial La Galerie<\/li>\n<\/ul>\n<p>Alain Deschenaux, Directeur g\u00e9n\u00e9ral du Groupe Nordmann, soci\u00e9t\u00e9 propri\u00e9taire de La Galerie : \u00ab Nous nous r\u00e9jouissons de participer \u00e0 l\u2019\u00e9mulation culturelle de notre r\u00e9gion en donnant l\u2019opportunit\u00e9 \u00e0 des artistes de la r\u00e9gion de pr\u00e9senter leur talent. Notre groupe a toujours eu \u00e0 coeur d\u2019apporter une touche culturelle \u00e0 ses activit\u00e9s \u00e9conomiques au centre-ville de Fribourg. \u00bb<\/p>\n<p>Michel FR s\u2019est lui, montr\u00e9 tr\u00e8s ravi et enthousiaste \u00e0 l\u2019id\u00e9e de pouvoir reproduire son projet sur cet espace de 92m2.<\/p>\n<p>L\u2019oeuvre murale sera cr\u00e9\u00e9e sur place du 20 au 25 octobre 2025 afin de permettre aux visiteurs de la galerie marchande de suivre, entre les mailles du filet qui recouvriront l\u2019\u00e9chafaudage, l\u2019\u00e9volution de sa r\u00e9alisation. L\u2019oeuvre finale sera visible dans son int\u00e9gralit\u00e9 d\u00e8s la fin octobre.<\/p>\n<p>Pour cette r\u00e9alisation, l\u2019artiste recevra la somme de 15,000 CHF pr\u00e9vue dans le r\u00e8glement du concours.<\/p>\n<p>Le jury a \u00e9galement attribu\u00e9 une mention \u00e0 deux autres projets, \u00e0 savoir ceux de Chiaradia Boris et Pillonel Isabela. Ces artistes recevront chacun un prix de 500 CHF.<\/p>\n","protected":false},"excerpt":{"rendered":"<p>L\u2019artiste Michel FR est le laur\u00e9at 2025 du projet artistique 92 m2 dans La Galerie Fribourg Choisi parmi une dizaine de projets, la proposition de l\u2019artiste Michel FR &#8220;\u00e7a tourne \u00e0 Fri-bourg\u201d- \u201cUne oeuvre en noir et blanc, comme un vieux film\u201d a \u00e9t\u00e9 choisie \u00e0 l\u2019unanimit\u00e9 du jury. L\u2019artiste re\u00e7oit la somme de 15,000 [&hellip;]<\/p>\n","protected":false},"author":1,"featured_media":0,"parent":0,"menu_order":0,"comment_status":"closed","ping_status":"closed","template":"","meta":{"inline_featured_image":false},"_links":{"self":[{"href":"https:\/\/fribourg-centre.com\/de\/wp-json\/wp\/v2\/pages\/28439\/"}],"collection":[{"href":"https:\/\/fribourg-centre.com\/de\/wp-json\/wp\/v2\/pages\/"}],"about":[{"href":"https:\/\/fribourg-centre.com\/de\/wp-json\/wp\/v2\/types\/page\/"}],"author":[{"embeddable":true,"href":"https:\/\/fribourg-centre.com\/de\/wp-json\/wp\/v2\/users\/1\/"}],"replies":[{"embeddable":true,"href":"https:\/\/fribourg-centre.com\/de\/wp-json\/wp\/v2\/comments\/?post=28439"}],"version-history":[{"count":7,"href":"https:\/\/fribourg-centre.com\/de\/wp-json\/wp\/v2\/pages\/28439\/revisions\/"}],"predecessor-version":[{"id":29634,"href":"https:\/\/fribourg-centre.com\/de\/wp-json\/wp\/v2\/pages\/28439\/revisions\/29634\/"}],"wp:attachment":[{"href":"https:\/\/fribourg-centre.com\/de\/wp-json\/wp\/v2\/media\/?parent=28439"}],"curies":[{"name":"wp","href":"https:\/\/api.w.org\/{rel}","templated":true}]}}