{"id":21985,"date":"2023-04-04T08:45:50","date_gmt":"2023-04-04T07:45:50","guid":{"rendered":"https:\/\/fribourg-centre.com\/horaire-week-end-de-paques\/"},"modified":"2023-04-04T08:50:18","modified_gmt":"2023-04-04T07:50:18","slug":"horaire-week-end-de-paques","status":"publish","type":"page","link":"https:\/\/fribourg-centre.com\/de\/horaire-week-end-de-paques\/","title":{"rendered":"Horaire week-end de P\u00e2ques"},"content":{"rendered":"<div>\n<div><strong>Horaire week-end de P\u00e2ques<\/strong><\/div>\n<\/div>\n<div>&nbsp;<\/div>\n<div>\n<div><b>Jeudi 6 avril<\/b><\/div>\n<div>9h00 \u2013 19h00&nbsp;<\/div>\n<div>&nbsp;<\/div>\n<div><b>Vendredi 7 avril\u2009<\/b><\/div>\n<div>Ferm\u00e9<\/div>\n<div>&nbsp;<\/div>\n<div><b>Samedi 8 avril&nbsp;<\/b><\/div>\n<div>8h30 \u2013 16h00<\/div>\n<div>&nbsp;<\/div>\n<div><b>Lundi 10 avril<\/b><\/div>\n<div>9h00 \u2013 19h00<\/div>\n<\/div>\n<div>&nbsp;<\/div>\n<div>\n<div>Alimentation<\/div>\n<div>Ouverture 30 minutes plus t\u00f4t<\/div>\n<div>&nbsp;<\/div>\n<div>Caf\u00e9s<\/div>\n<div>Ouverture \u00e0 8h00<\/div>\n<\/div>\n","protected":false},"excerpt":{"rendered":"<p>Horaire week-end de P\u00e2ques &nbsp; Jeudi 6 avril 9h00 \u2013 19h00&nbsp; &nbsp; Vendredi 7 avril\u2009 Ferm\u00e9 &nbsp; Samedi 8 avril&nbsp; 8h30 \u2013 16h00 &nbsp; Lundi 10 avril 9h00 \u2013 19h00 &nbsp; Alimentation Ouverture 30 minutes plus t\u00f4t &nbsp; Caf\u00e9s Ouverture \u00e0 8h00<\/p>\n","protected":false},"author":1,"featured_media":21979,"parent":0,"menu_order":0,"comment_status":"closed","ping_status":"closed","template":"","meta":{"inline_featured_image":false},"_links":{"self":[{"href":"https:\/\/fribourg-centre.com\/de\/wp-json\/wp\/v2\/pages\/21985\/"}],"collection":[{"href":"https:\/\/fribourg-centre.com\/de\/wp-json\/wp\/v2\/pages\/"}],"about":[{"href":"https:\/\/fribourg-centre.com\/de\/wp-json\/wp\/v2\/types\/page\/"}],"author":[{"embeddable":true,"href":"https:\/\/fribourg-centre.com\/de\/wp-json\/wp\/v2\/users\/1\/"}],"replies":[{"embeddable":true,"href":"https:\/\/fribourg-centre.com\/de\/wp-json\/wp\/v2\/comments\/?post=21985"}],"version-history":[{"count":1,"href":"https:\/\/fribourg-centre.com\/de\/wp-json\/wp\/v2\/pages\/21985\/revisions\/"}],"predecessor-version":[{"id":21986,"href":"https:\/\/fribourg-centre.com\/de\/wp-json\/wp\/v2\/pages\/21985\/revisions\/21986\/"}],"wp:featuredmedia":[{"embeddable":true,"href":"https:\/\/fribourg-centre.com\/de\/wp-json\/wp\/v2\/media\/21979\/"}],"wp:attachment":[{"href":"https:\/\/fribourg-centre.com\/de\/wp-json\/wp\/v2\/media\/?parent=21985"}],"curies":[{"name":"wp","href":"https:\/\/api.w.org\/{rel}","templated":true}]}}