{"id":21640,"date":"2023-02-13T10:45:39","date_gmt":"2023-02-13T09:45:39","guid":{"rendered":"https:\/\/fribourg-centre.com\/carnaval\/"},"modified":"2026-02-09T18:01:34","modified_gmt":"2026-02-09T16:01:34","slug":"carnaval","status":"publish","type":"page","link":"https:\/\/fribourg-centre.com\/de\/carnaval\/","title":{"rendered":"Carnaval"},"content":{"rendered":"<p><strong>LE CARNAVAL AU CENTRE<\/strong><\/p>\n<p>Avis aux petits et grands fans de Carnaval !<\/p>\n<p>\u00c0 l\u2019occasion du Mardi Gras, nous vous proposons 2 animations carnavalesques et gratuites le 17 f\u00e9vrier 2026.<\/p>\n<p><strong style=\"text-transform: none;\">Grimage et bricolage<\/strong><\/p>\n<p>Faites maquiller vos enfants (le visage ou les mains), de 10h \u00e0 17h, dans le mall (au niveau 1)&nbsp;!<\/p>\n<p>Sans r\u00e9servation : il vous suffit de vous rendre sur place. Des maquilleuses professionnelles seront l\u00e0 pour vous accueillir et assurer la transformation color\u00e9e.<\/p>\n<p>Envie de cr\u00e9ativit\u00e9 ?<br \/>\nPrenez aussi le temps de confectionner leur\/votre propre masque de Carnaval \u00e0 l\u2019atelier bricolage. Prenez un num\u00e9ro et patientez dans le mall : les maquilleuses vous appelleront lorsque ce sera votre tour.<\/p>\n<p>En cas de forte affluence, nous vous remercions par avance pour votre patience.<\/p>\n<p><strong style=\"text-transform: none;\">Animation musicale<\/strong><\/p>\n<p>La Guggen \u00ab&nbsp;Les Canetons&nbsp;\u00bb animera la matin\u00e9e avec plusieurs concerts ponctuels :<\/p>\n<ul>\n<li>10h15 \u2013 niveau 3<\/li>\n<li>10h45 \u2013 niveau 4<\/li>\n<li>11h15 \u2013 niveau 1<\/li>\n<\/ul>\n<p>Nous nous r\u00e9jouissons de vous accueillir et de f\u00eater le Carnaval avec vous&nbsp;!<\/p>\n","protected":false},"excerpt":{"rendered":"<p>LE CARNAVAL AU CENTRE Avis aux petits et grands fans de Carnaval ! \u00c0 l\u2019occasion du Mardi Gras, nous vous proposons 2 animations carnavalesques et gratuites le 17 f\u00e9vrier 2026. Grimage et bricolage Faites maquiller vos enfants (le visage ou les mains), de 10h \u00e0 17h, dans le mall (au niveau 1)&nbsp;! Sans r\u00e9servation : [&hellip;]<\/p>\n","protected":false},"author":1,"featured_media":30427,"parent":0,"menu_order":0,"comment_status":"closed","ping_status":"closed","template":"","meta":{"inline_featured_image":false},"_links":{"self":[{"href":"https:\/\/fribourg-centre.com\/de\/wp-json\/wp\/v2\/pages\/21640\/"}],"collection":[{"href":"https:\/\/fribourg-centre.com\/de\/wp-json\/wp\/v2\/pages\/"}],"about":[{"href":"https:\/\/fribourg-centre.com\/de\/wp-json\/wp\/v2\/types\/page\/"}],"author":[{"embeddable":true,"href":"https:\/\/fribourg-centre.com\/de\/wp-json\/wp\/v2\/users\/1\/"}],"replies":[{"embeddable":true,"href":"https:\/\/fribourg-centre.com\/de\/wp-json\/wp\/v2\/comments\/?post=21640"}],"version-history":[{"count":4,"href":"https:\/\/fribourg-centre.com\/de\/wp-json\/wp\/v2\/pages\/21640\/revisions\/"}],"predecessor-version":[{"id":30426,"href":"https:\/\/fribourg-centre.com\/de\/wp-json\/wp\/v2\/pages\/21640\/revisions\/30426\/"}],"wp:featuredmedia":[{"embeddable":true,"href":"https:\/\/fribourg-centre.com\/de\/wp-json\/wp\/v2\/media\/30427\/"}],"wp:attachment":[{"href":"https:\/\/fribourg-centre.com\/de\/wp-json\/wp\/v2\/media\/?parent=21640"}],"curies":[{"name":"wp","href":"https:\/\/api.w.org\/{rel}","templated":true}]}}