{"id":13360,"date":"2018-05-24T14:30:02","date_gmt":"2018-05-24T13:30:02","guid":{"rendered":"https:\/\/fribourg-centre.com\/politique-de-confidentialite\/"},"modified":"2020-11-30T15:29:29","modified_gmt":"2020-11-30T14:29:29","slug":"politique-de-confidentialite","status":"publish","type":"page","link":"https:\/\/fribourg-centre.com\/de\/politique-de-confidentialite\/","title":{"rendered":"DATENSCHUTZBESTIMMUNGEN"},"content":{"rendered":"<p><strong>DATENSCHUTZBESTIMMUNGEN<\/strong><\/p>\n<p>&nbsp;<\/p>\n<p><strong>Wer sind wir ?<\/strong><\/p>\n<p>Die Adresse unserer Website ist &nbsp;: <a href=\"https:\/\/fribourg-centre.com\">https:\/\/fribourg-centre.com<\/a><\/p>\n<p><strong>Verwendung der erfassten pers\u00f6nlichen Daten<\/strong><\/p>\n<p><strong>Kommentare<\/strong><\/p>\n<p>Wenn Sie einen Kommentar auf unserer Website lassen, werden die im Kommentarformular eingegebenen Daten sowie Ihre IP-Adresse und Benutzeragent Ihres Browsers gesammelt, damit wir unerw\u00fcnschte Kommentare erkennen k\u00f6nnen.<\/p>\n<p>Ein anonymisierter Kanal, der aus Ihrer E-Mail-Adresse erstellt wurde (auch als Hash bezeichnet), kann an den Gravatar-Dienst gesendet werden, um zu \u00fcberpr\u00fcfen, ob Sie den Dienst nutzen. Die Vertraulichkeitsklauseln f\u00fcr Gravatar-Dienste finden Sie hier: https:\/\/automattic.com\/privacy\/.&nbsp;<\/p>\n<p>Nach der Validierung Ihres Kommentars wird Ihr Profilbild neben Ihrem Kommentar \u00f6ffentlich sichtbar.<\/p>\n<p><strong>Medien<\/strong><\/p>\n<p>Wenn Sie ein registrierter Benutzer sind und Bilder auf die Website hochladen, empfehlen wir, das Hochladen von Bildern mit EXIF-GPS-Koordinatendaten zu vermeiden. Besucher Ihrer Website k\u00f6nnen Standortdaten von diesen Bildern herunterladen und extrahieren.<\/p>\n<p>&nbsp;<\/p>\n<p><strong>Kontaktformulare<\/strong><\/p>\n<p><strong>Cookies<\/strong><\/p>\n<p>Wenn Sie einen Kommentar auf unserer Website hinterlassen, wird Ihnen angeboten, Ihren Namen, Ihre E-Mail-Adresse und Ihre Website in Cookies zu speichern. Dies dient nur Ihrer Bequemlichkeit, damit Sie diese Informationen nicht eingeben m\u00fcssen, wenn Sie sp\u00e4ter einen weiteren Kommentar ver\u00f6ffentlichen. Diese Cookies verfallen nach einem Jahr.<\/p>\n<p>Wenn Sie ein Konto haben und sich auf dieser Website anmelden, wird ein tempor\u00e4res Cookie erstellt, um festzustellen, ob Ihr Browser Cookies akzeptiert. Es enth\u00e4lt keine pers\u00f6nlichen Daten und wird automatisch gel\u00f6scht, wenn Sie Ihren Browser schlie\u00dfen.<\/p>\n<p>Wenn Sie sich anmelden, setzen wir eine Anzahl Cookies, um Ihre Anmeldeinformationen und Bildschirmeinstellungen zu speichern. Die Lebensdauer eines Anmelde-Cookies betr\u00e4gt zwei Tage, die eines Bildschirmoptions-Cookies ein Jahr. Wenn Sie &#8220;angemeldet bleiben&#8221; aktivieren, wird Ihr Verbindungscookie zwei Wochen lang gespeichert. Wenn Sie sich von Ihrem Konto abmelden, wird das Verbindungscookie gel\u00f6scht.<\/p>\n<p>Durch \u00c4ndern oder Ver\u00f6ffentlichen eines Artikels wird ein zus\u00e4tzliches Cookie in Ihrem Browser gespeichert. Dieses Cookie enth\u00e4lt keine pers\u00f6nlichen Daten. Es zeigt einfach die ID des Artikels an, den Sie gerade bearbeitet haben. Es l\u00e4uft nach einem Tag ab.<\/p>\n<p>Diese Website verwendet Cookies \u2013 kleine Textdateien, die auf Ihrem Computer abgelegt werden, um der Website eine bessere Benutzererfahrung zu bieten. Im Allgemeinen werden Cookies verwendet, um Benutzereinstellungen beizubehalten, Informationen f\u00fcr den Warenkorb zu speichern und anonymisierte Daten f\u00fcr Anwendungen von Drittanbietern wie Google Analytics bereitzustellen. Im Allgemeinen verbessern Cookies Ihr Surferlebnis. M\u00f6glicherweise m\u00f6chten Sie jedoch Cookies auf dieser und anderen Websites deaktivieren. Am effektivsten ist es, Cookies in Ihrem Browser zu deaktivieren. Wir empfehlen, den Hilfebereich Ihres Browsers zu konsultieren oder die Website \u201e\u00fcber Cookies\u201c zu besuchen, die Anleitungen f\u00fcr alle modernen Browser bietet.<\/p>\n<p>&nbsp;<\/p>\n<p><strong>INTEGRIERTER INHALT VON ANDEREN SEITEN <\/strong><\/p>\n<p>Artikel auf dieser Website k\u00f6nnen integrierte Inhalte enthalten (z. B. Videos, Bilder, Artikel usw.). Von anderen Websites integrierte Inhalte verhalten sich genauso, als ob der Besucher die andere Website besuchen w\u00fcrde.<\/p>\n<p>Diese Websites k\u00f6nnen Daten \u00fcber Sie sammeln, Cookies verwenden, Werkzeug von Drittanbietern integrieren und Ihre Interaktionen mit diesen integrierten Inhalten verfolgen, wenn Sie ein verbundenes Konto auf ihrer Website haben.<\/p>\n<p>&nbsp;<\/p>\n<p><strong>PUBLIKUMSSTATISTIK UND MASSNAMHEN<\/strong><\/p>\n<p>Die Website verwendet Google Analytics, einen Webanalysedienst von <a href=\"http:\/\/www.google.com\">www.google.com<\/a>. Google Analytics verwendet Methoden, die eine Analyse der Nutzung der Website erm\u00f6glichen, insbesondere mittels Cookies. Informationen zur Nutzung der Website werden an Google \u00fcbermittelt und dort gespeichert. Die Informationen werden verwendet, um die Nutzung der Website zu analysieren.<\/p>\n<p>&nbsp;<\/p>\n<p><strong>NUTZUNG UND \u00dcBERTRAGUNG IHRER PERS\u00d6NLICHEN DATEN<\/strong><\/p>\n<p>&nbsp;<\/p>\n<p><strong>BEHANDLUNG IHRER PERS\u00d6NLICHEN DATEN<\/strong><\/p>\n<p>Wenn Sie auf unserer Website surfen, zeichnet der Server jeden Zugriff in einer Protokolldatei.<\/p>\n<p>Die folgenden Angaben werden gespeichert :<\/p>\n<ul>\n<li>die IP-Adresse des Computers<\/li>\n<li>Datum und Uhrzeit des Zugriffs<\/li>\n<li>Name und URL der konsultierten Daten<\/li>\n<li>die Website, von welcher aus auf unseren Bereich zugegriffen wurde<\/li>\n<li>das Betriebssystem Ihres Computers und den von Ihnen verwendeten Browser<\/li>\n<li>das Land, von welchem aus Sie auf unsere Website zugreifen<\/li>\n<li>den Namen Ihres Internetdienstanbieters<\/li>\n<\/ul>\n<p>&nbsp;<\/p>\n<p><strong>WENN SIE UNSEREN NEWSLETTER ABONNIEREN ODER EIN&nbsp; KONTAKTFORMULAR VERWENDEN<\/strong><\/p>\n<p>Um den Newsletter zu erhalten oder \u00fcber ein Formular Kontakt aufzunehmen, sind folgende pers\u00f6nlichen Daten erforderlich:<\/p>\n<ul>\n<li>Ihre Emailadresse<\/li>\n<li>Anrede<\/li>\n<li>Vorname<\/li>\n<li>Nachname<\/li>\n<li>vollst\u00e4ndige Adresse<\/li>\n<li>Telefon<\/li>\n<li>Betreff und Nachricht<\/li>\n<\/ul>\n<p>Diese Informationen sind erforderlich, damit wir Ihre Anfrage bearbeiten, Ihnen den Newsletter zusenden und \/ oder die Daten f\u00fcr Marketingzwecke verwenden k\u00f6nnen.<\/p>\n<p><strong>&nbsp;<\/strong><\/p>\n<p><strong>LAGERZEIT IHRER ANGABEN<\/strong><\/p>\n<p>Wenn Sie einen Kommentar hinterlassen, bleiben&nbsp; der Kommentar und seine Metadaten auf unbestimmte Zeit erhalten. Auf diese Weise k\u00f6nnen nachfolgende Kommentare automatisch erkannt und genehmigt werden, anstatt sie in der Moderationswarteschlange zu belassen.<\/p>\n<p>F\u00fcr Benutzer, die sich auf unserer Website registrieren (falls m\u00f6glich), speichern wir auch die in ihrem Profil angegebenen pers\u00f6nlichen Daten. Alle Benutzer k\u00f6nnen ihre pers\u00f6nlichen Daten jederzeit anzeigen, bearbeiten oder l\u00f6schen (mit Ausnahme ihres Benutzernamens: ice.)<\/p>\n<p>Site Manager k\u00f6nnen diese Informationen auch ansehen und bearbeiten.<\/p>\n<p>&nbsp;<\/p>\n<p><strong>RECHTE, DIE SIE \u00dcBER IHRE DATEN HABEN<\/strong><\/p>\n<p>Wenn Sie ein Konto haben oder Kommentare auf der Website hinterlassen haben, k\u00f6nnen Sie eine Datei anfordern, die alle pers\u00f6nlichen Daten enth\u00e4lt, die wir \u00fcber Sie gespeichert haben, einschlie\u00dflich der Daten, die Sie uns zur Verf\u00fcgung gestellt haben. Sie k\u00f6nnen auch die L\u00f6schung pers\u00f6nlicher Daten beantragen. Hierbei werden Daten nicht ber\u00fccksichtigt, die aus administrativen, rechtlichen oder Sicherheitsgr\u00fcnden gespeichert wurden.<\/p>\n<p>&nbsp;<\/p>\n<p><strong>\u00dcBERTRAGUNG IHRER PERS\u00d6NLICHEN DATEN<\/strong><\/p>\n<p>Besucherkommentare k\u00f6nnen mithilfe eines automatisierten Spam-Erkennungsdienstes \u00fcberpr\u00fcft werden.<\/p>\n<p>&nbsp;<\/p>\n<p><strong>KONTAKTINFORMATION<\/strong><\/p>\n<p>Wenn Sie uns eine Frage zum Datenschutz auf unserer Website stellen m\u00f6chten, Fragen haben oder Ihre Daten l\u00f6schen m\u00f6chten, f\u00fcllen Sie bitte das Formular auf der Kontaktseite unserer Website aus.<\/p>\n<p>&nbsp;<\/p>\n<p><strong>ZUS\u00c4TZLICHE INFORMATION WIE WIR IHRE DATEN SCH\u00dcTZEN<\/strong><\/p>\n<p>Wir erfassen nur Daten, die wir f\u00fcr die Durchf\u00fchrung unserer Website-Aktivit\u00e4ten f\u00fcr notwendig halten. Wir k\u00fcmmern uns um uns selbst mit technischen und organisatorischen Mitteln, die unserer Ansicht nach zum Schutz Ihrer Daten angemessen sind. Wir passen unsere Sicherheitsmassnahmen den technologischen Fortschritten an.<\/p>\n<p><strong>AKTUALISIERUNG:<\/strong>&nbsp;Mai 2018<\/p>\n","protected":false},"excerpt":{"rendered":"<p>DATENSCHUTZBESTIMMUNGEN &nbsp; Wer sind wir ? Die Adresse unserer Website ist &nbsp;: https:\/\/fribourg-centre.com Verwendung der erfassten pers\u00f6nlichen Daten Kommentare Wenn Sie einen Kommentar auf unserer Website lassen, werden die im Kommentarformular eingegebenen Daten sowie Ihre IP-Adresse und Benutzeragent Ihres Browsers gesammelt, damit wir unerw\u00fcnschte Kommentare erkennen k\u00f6nnen. Ein anonymisierter Kanal, der aus Ihrer E-Mail-Adresse erstellt [&hellip;]<\/p>\n","protected":false},"author":1,"featured_media":0,"parent":0,"menu_order":0,"comment_status":"closed","ping_status":"closed","template":"","meta":{"inline_featured_image":false},"_links":{"self":[{"href":"https:\/\/fribourg-centre.com\/de\/wp-json\/wp\/v2\/pages\/13360\/"}],"collection":[{"href":"https:\/\/fribourg-centre.com\/de\/wp-json\/wp\/v2\/pages\/"}],"about":[{"href":"https:\/\/fribourg-centre.com\/de\/wp-json\/wp\/v2\/types\/page\/"}],"author":[{"embeddable":true,"href":"https:\/\/fribourg-centre.com\/de\/wp-json\/wp\/v2\/users\/1\/"}],"replies":[{"embeddable":true,"href":"https:\/\/fribourg-centre.com\/de\/wp-json\/wp\/v2\/comments\/?post=13360"}],"version-history":[{"count":4,"href":"https:\/\/fribourg-centre.com\/de\/wp-json\/wp\/v2\/pages\/13360\/revisions\/"}],"predecessor-version":[{"id":14523,"href":"https:\/\/fribourg-centre.com\/de\/wp-json\/wp\/v2\/pages\/13360\/revisions\/14523\/"}],"wp:attachment":[{"href":"https:\/\/fribourg-centre.com\/de\/wp-json\/wp\/v2\/media\/?parent=13360"}],"curies":[{"name":"wp","href":"https:\/\/api.w.org\/{rel}","templated":true}]}}